{"id":2082,"date":"2015-12-02T10:51:51","date_gmt":"2015-12-02T10:51:51","guid":{"rendered":"http:\/\/theme-fusion.com\/avada\/university\/?page_id=9"},"modified":"2022-02-04T17:14:02","modified_gmt":"2022-02-04T16:14:02","slug":"about-us","status":"publish","type":"page","link":"https:\/\/stayintouch-with.com\/index.php\/about-us\/","title":{"rendered":"About Us"},"content":{"rendered":"<p><div class=\"fusion-fullwidth fullwidth-box fusion-builder-row-1 fusion-flex-container nonhundred-percent-fullwidth non-hundred-percent-height-scrolling\" style=\"background-color: #242424;background-position: center center;background-repeat: no-repeat;border-width: 0px 0px 0px 0px;border-color:#3e3e3e;border-style:solid;\" ><div class=\"fusion-builder-row fusion-row fusion-flex-align-items-flex-start\" style=\"max-width:1331.2px;margin-left: calc(-4% \/ 2 );margin-right: calc(-4% \/ 2 );\"><div class=\"fusion-layout-column fusion_builder_column fusion-builder-column-0 fusion_builder_column_1_1 1_1 fusion-flex-column\"><div class=\"fusion-column-wrapper fusion-flex-justify-content-flex-start fusion-content-layout-column\" style=\"background-position:left top;background-repeat:no-repeat;-webkit-background-size:cover;-moz-background-size:cover;-o-background-size:cover;background-size:cover;padding: 0px 0px 0px 0px;\">\n<div class=\"fusion-slider-revolution rev_slider_wrapper\">\t\t\t<!-- START Slider 2 REVOLUTION SLIDER 6.5.2 --><p class=\"rs-p-wp-fix\"><\/p>\n\t\t\t<rs-module-wrap id=\"rev_slider_2_1_wrapper\" data-source=\"gallery\" style=\"visibility:hidden;background:transparent;padding:0;margin:0px auto;margin-top:0;margin-bottom:0;\">\n\t\t\t\t<rs-module id=\"rev_slider_2_1\" style=\"\" data-version=\"6.5.2\">\n\t\t\t\t\t<rs-slides>\n\t\t\t\t\t\t<rs-slide data-key=\"rs-5\" data-title=\"slide-about-us\" data-anim=\"ms:1000;r:0;\" data-in=\"o:0;\" data-out=\"a:false;\">\n\t\t\t\t\t\t\t<img src=\"\/\/stayintouch-with.com\/wp-content\/plugins\/revslider\/public\/assets\/assets\/dummy.png\" title=\"aboutus-picture\" width=\"1500\" height=\"600\" class=\"rev-slidebg tp-rs-img rs-lazyload\" data-lazyload=\"\/\/stayintouch-with.com\/wp-content\/uploads\/2021\/01\/aboutus-picture.png\" data-no-retina>\n<!--\n\t\t\t\t\t\t\t--><rs-layer\n\t\t\t\t\t\t\t\tid=\"slider-2-slide-5-layer-0\" \n\t\t\t\t\t\t\t\tclass=\"rev-scroll-btn rev-b-span-dark\"\n\t\t\t\t\t\t\t\tdata-type=\"button\"\n\t\t\t\t\t\t\t\tdata-color=\"#ffffff\"\n\t\t\t\t\t\t\t\tdata-rsp_ch=\"on\"\n\t\t\t\t\t\t\t\tdata-xy=\"x:c;y:b;yo:50px;\"\n\t\t\t\t\t\t\t\tdata-text=\"w:normal;s:17;l:20;ls:1;\"\n\t\t\t\t\t\t\t\tdata-dim=\"w:35px;h:55px;minw:35px;minh:55px;\"\n\t\t\t\t\t\t\t\tdata-actions='o:click;a:scrollbelow;sp:1000ms;e:power1.inOut;'\n\t\t\t\t\t\t\t\tdata-padding=\"t:22;r:14;b:22;l:14;\"\n\t\t\t\t\t\t\t\tdata-border=\"bos:solid;boc:rgba(255,255,255,0.75);bow:3px,3px,3px,3px;bor:23px,23px,23px,23px;\"\n\t\t\t\t\t\t\t\tdata-frame_999=\"o:0;st:w;\"\n\t\t\t\t\t\t\t\tstyle=\"z-index:5;background-color:#ffffff;font-family:Roboto;text-transform:uppercase;\"\n\t\t\t\t\t\t\t><span><\/span><span><\/span><span><\/span> \n\t\t\t\t\t\t\t<\/rs-layer><!--\n-->\t\t\t\t\t\t<\/rs-slide>\n\t\t\t\t\t<\/rs-slides>\n\t\t\t\t<\/rs-module>\n\t\t\t\t<script type=\"text\/javascript\">\n\t\t\t\t\tsetREVStartSize({c: 'rev_slider_2_1',rl:[1240,1024,778,480],el:[300],gw:[1240],gh:[300],type:'hero',justify:'',layout:'fullwidth',mh:\"0\"});\n\t\t\t\t<\/script>\n\t\t\t<\/rs-module-wrap>\n\t\t\t<!-- END REVOLUTION SLIDER -->\n<\/div><\/div><style type=\"text\/css\">.fusion-body .fusion-builder-column-0{width:100% !important;margin-top : 10px;margin-bottom : 10px;}.fusion-builder-column-0 > .fusion-column-wrapper {padding-top : 0px !important;padding-right : 0px !important;margin-right : 1.92%;padding-bottom : 0px !important;padding-left : 0px !important;margin-left : 1.92%;}@media only screen and (max-width:1024px) {.fusion-body .fusion-builder-column-0{width:100% !important;order : 0;}.fusion-builder-column-0 > .fusion-column-wrapper {margin-right : 1.92%;margin-left : 1.92%;}}@media only screen and (max-width:640px) {.fusion-body .fusion-builder-column-0{width:100% !important;order : 0;}.fusion-builder-column-0 > .fusion-column-wrapper {margin-right : 1.92%;margin-left : 1.92%;}}<\/style><\/div><\/div><style type=\"text\/css\">.fusion-body .fusion-flex-container.fusion-builder-row-1{ padding-top : 0px;margin-top : 0px;padding-right : 0px;padding-bottom : 0px;margin-bottom : 0px;padding-left : 0px;}<\/style><\/div><div class=\"fusion-fullwidth fullwidth-box fusion-builder-row-2 fusion-flex-container nonhundred-percent-fullwidth non-hundred-percent-height-scrolling\" style=\"background-color: #242424;background-position: left top;background-repeat: no-repeat;border-width: 0px 0px 0px 0px;border-color:#3e3e3e;border-style:solid;\" ><div class=\"fusion-builder-row fusion-row fusion-flex-align-items-flex-start\" style=\"max-width:1331.2px;margin-left: calc(-4% \/ 2 );margin-right: calc(-4% \/ 2 );\"><div class=\"fusion-layout-column fusion_builder_column fusion-builder-column-1 fusion_builder_column_1_6 1_6 fusion-flex-column fusion-no-small-visibility\"><div class=\"fusion-column-wrapper fusion-flex-justify-content-flex-start fusion-content-layout-column\" style=\"background-position:left top;background-repeat:no-repeat;-webkit-background-size:cover;-moz-background-size:cover;-o-background-size:cover;background-size:cover;padding: 0px 0px 0px 0px;\"><\/div><style type=\"text\/css\">.fusion-body .fusion-builder-column-1{width:16.666666666667% !important;margin-top : 10px;margin-bottom : 10px;}.fusion-builder-column-1 > .fusion-column-wrapper {padding-top : 0px !important;padding-right : 0px !important;margin-right : 11.52%;padding-bottom : 0px !important;padding-left : 0px !important;margin-left : 11.52%;}@media only screen and (max-width:1024px) {.fusion-body .fusion-builder-column-1{width:100% !important;}.fusion-builder-column-1 > .fusion-column-wrapper {margin-right : 1.92%;margin-left : 1.92%;}}@media only screen and (max-width:640px) {.fusion-body .fusion-builder-column-1{width:100% !important;}.fusion-builder-column-1 > .fusion-column-wrapper {margin-right : 1.92%;margin-left : 1.92%;}}<\/style><\/div><div class=\"fusion-layout-column fusion_builder_column fusion-builder-column-2 fusion_builder_column_2_3 2_3 fusion-flex-column\"><div class=\"fusion-column-wrapper fusion-flex-justify-content-flex-start fusion-content-layout-column\" style=\"background-position:left top;background-repeat:no-repeat;-webkit-background-size:cover;-moz-background-size:cover;-o-background-size:cover;background-size:cover;padding: 0px 0px 0px 0px;\"><div style=\"text-align:center;\"><span class=\" fusion-imageframe imageframe-none imageframe-1 hover-type-none\" style=\"max-width:50%;margin-bottom:0px;\"><img width=\"1870\" height=\"1020\" title=\"White-Carre-SIT-logo\" src=\"https:\/\/stayintouch-with.com\/wp-content\/uploads\/2021\/04\/White-Carre-SIT-logo.png\" class=\"img-responsive wp-image-3119\" srcset=\"https:\/\/stayintouch-with.com\/wp-content\/uploads\/2021\/04\/White-Carre-SIT-logo-200x109.png 200w, https:\/\/stayintouch-with.com\/wp-content\/uploads\/2021\/04\/White-Carre-SIT-logo-400x218.png 400w, https:\/\/stayintouch-with.com\/wp-content\/uploads\/2021\/04\/White-Carre-SIT-logo-600x327.png 600w, https:\/\/stayintouch-with.com\/wp-content\/uploads\/2021\/04\/White-Carre-SIT-logo-800x436.png 800w, https:\/\/stayintouch-with.com\/wp-content\/uploads\/2021\/04\/White-Carre-SIT-logo-1200x655.png 1200w, https:\/\/stayintouch-with.com\/wp-content\/uploads\/2021\/04\/White-Carre-SIT-logo.png 1870w\" sizes=\"(max-width: 1024px) 100vw, (max-width: 640px) 100vw, 1200px\" \/><\/span><\/div><div class=\"fusion-separator\" style=\"align-self: center;margin-left: auto;margin-right: auto;margin-top:15px;margin-bottom:35px;width:100%;max-width:170px;\"><div class=\"fusion-separator-border sep-single sep-solid\" style=\"border-color:#c1dc89;border-top-width:1px;\"><\/div><\/div><div class=\"fusion-text fusion-text-1\" style=\"text-align:center;color:#fffcfc;\"><p>Stay In Touch With est un r\u00e9seau social d\u00e9velopp\u00e9 par une startup fran\u00e7aise, qui rassemble tous les acteurs passionn\u00e9s de la fili\u00e8re du vin au sein d&#8217;une seule application. Nous r\u00e9volutionnons la logistique gr\u00e2ce \u00e0 notre m\u00e9thode :<span style=\"font-family: var(--body_typography-font-family); font-size: var(--body_typography-font-size); font-style: var(--body_typography-font-style,normal); font-weight: var(--body_typography-font-weight); letter-spacing: var(--body_typography-letter-spacing);\"> <a style=\"color: #c1dc89;\" href=\"https:\/\/stayintouch-with.com\/index.php\/2016\/03\/15\/slow-green-delivery\/\" target=\"_blank\" rel=\"noopener noreferrer\">Slow Green Delivery<\/a>.<\/span><\/p>\n<p>Une application qui apporte un renouveau dans la digitalisation des m\u00e9tiers du vin.<\/p>\n<ul>\n<li style=\"text-align: left;\">Un r\u00e9seau social <span style=\"color: #c1dc89;\">porteur de valeurs qualitatives et environnementales<\/span><\/li>\n<li style=\"text-align: left;\">Une <span style=\"color: #c1dc89;\">Vinoth\u00e8que<\/span> en 1 clic<\/li>\n<li style=\"text-align: left;\">Le<span style=\"color: #c1dc89;\"> respect <span style=\"color: #ffffff;\">des m\u00e9tiers du vin<\/span><\/span><\/li>\n<li style=\"text-align: left;\">Une logistique disruptive gr\u00e2ce au <span style=\"color: #c1dc89;\"><a href=\"https:\/\/stayintouch-with.com\/index.php\/2016\/03\/15\/slow-green-delivery\/\" target=\"_blank\" rel=\"noopener noreferrer\">Slow Green Delivery<\/a><\/span><\/li>\n<li style=\"text-align: left;\">Le viticulteur n&#8217;a jamais \u00e9t\u00e9 aussi <span style=\"color: #c1dc89;\">proche de ses consommateurs<\/span><\/li>\n<\/ul>\n<p style=\"color: #fffcfc; text-align: left;\">\u00a0<\/p>\n<\/div><div class=\"fusion-separator fusion-full-width-sep\" style=\"align-self: center;margin-left: auto;margin-right: auto;margin-top:35px;width:100%;\"><\/div><div style=\"text-align:center;\"><style type=\"text\/css\">.fusion-button.button-1 {border-radius:0px;}<\/style><a class=\"fusion-button button-flat fusion-button-default-size button-default button-1 fusion-button-span-no fusion-button-default-type\" target=\"_self\" href=\"https:\/\/stayintouch-with.com\/#download\"><span class=\"fusion-button-text\">T\u00e9l\u00e9charger l&#8217;application<\/span><\/a><\/div><\/div><style type=\"text\/css\">.fusion-body .fusion-builder-column-2{width:66.666666666667% !important;margin-top : 10px;margin-bottom : 30px;}.fusion-builder-column-2 > .fusion-column-wrapper {padding-top : 0px !important;padding-right : 0px !important;margin-right : 2.88%;padding-bottom : 0px !important;padding-left : 0px !important;margin-left : 2.88%;}@media only screen and (max-width:1024px) {.fusion-body .fusion-builder-column-2{width:100% !important;}.fusion-builder-column-2 > .fusion-column-wrapper {margin-right : 1.92%;margin-left : 1.92%;}}@media only screen and (max-width:640px) {.fusion-body .fusion-builder-column-2{width:100% !important;}.fusion-builder-column-2 > .fusion-column-wrapper {margin-right : 1.92%;margin-left : 1.92%;}}<\/style><\/div><div class=\"fusion-layout-column fusion_builder_column fusion-builder-column-3 fusion_builder_column_1_6 1_6 fusion-flex-column fusion-no-small-visibility\"><div class=\"fusion-column-wrapper fusion-flex-justify-content-flex-start fusion-content-layout-column\" style=\"background-position:left top;background-repeat:no-repeat;-webkit-background-size:cover;-moz-background-size:cover;-o-background-size:cover;background-size:cover;padding: 0px 0px 0px 0px;\"><div class=\"fusion-separator fusion-full-width-sep\" style=\"align-self: center;margin-left: auto;margin-right: auto;margin-top:20px;width:100%;\"><\/div><\/div><style type=\"text\/css\">.fusion-body .fusion-builder-column-3{width:16.666666666667% !important;margin-top : 10px;margin-bottom : 10px;}.fusion-builder-column-3 > .fusion-column-wrapper {padding-top : 0px !important;padding-right : 0px !important;margin-right : 11.52%;padding-bottom : 0px !important;padding-left : 0px !important;margin-left : 11.52%;}@media only screen and (max-width:1024px) {.fusion-body .fusion-builder-column-3{width:100% !important;}.fusion-builder-column-3 > .fusion-column-wrapper {margin-right : 1.92%;margin-left : 1.92%;}}@media only screen and (max-width:640px) {.fusion-body .fusion-builder-column-3{width:100% !important;}.fusion-builder-column-3 > .fusion-column-wrapper {margin-right : 1.92%;margin-left : 1.92%;}}<\/style><\/div><\/div><style type=\"text\/css\">.fusion-body .fusion-flex-container.fusion-builder-row-2{ padding-top : 63px;margin-top : 0px;padding-right : 0px;padding-bottom : 40px;margin-bottom : 0px;padding-left : 0px;}@media only screen and (max-width:1024px) {.fusion-body .fusion-flex-container.fusion-builder-row-2{ padding-top : 60px;}}<\/style><\/div><div class=\"fusion-fullwidth fullwidth-box fusion-builder-row-3 fusion-flex-container nonhundred-percent-fullwidth non-hundred-percent-height-scrolling\" style=\"background-color: #333c4e;background-position: left top;background-repeat: no-repeat;border-width: 0px 0px 0px 0px;border-color:#3e3e3e;border-style:solid;\" ><div class=\"fusion-builder-row fusion-row fusion-flex-align-items-flex-start\" style=\"max-width:calc( 1280px + 0px );margin-left: calc(-0px \/ 2 );margin-right: calc(-0px \/ 2 );\"><div class=\"fusion-layout-column fusion_builder_column fusion-builder-column-4 fusion_builder_column_1_1 1_1 fusion-flex-column fusion-flex-align-self-flex-start fusion-column-no-min-height\"><div class=\"fusion-column-wrapper fusion-flex-justify-content-flex-start fusion-content-layout-column\" style=\"background-position:left top;background-repeat:no-repeat;-webkit-background-size:cover;-moz-background-size:cover;-o-background-size:cover;background-size:cover;padding: 0px 0px 0px 0px;\"><style type=\"text\/css\">.fusion-title.fusion-title-1 svg path{stroke-width:6!important}@media only screen and (max-width:1024px) {.fusion-title.fusion-title-1{margin-top:10px!important; margin-right:0px!important;margin-bottom:24px!important;margin-left:0px!important;}}@media only screen and (max-width:640px) {.fusion-title.fusion-title-1{margin-top:10px!important; margin-right:0px!important;margin-bottom:20px!important; margin-left:0px!important;}}<\/style><div class=\"fusion-title title fusion-title-1 fusion-sep-none fusion-title-center fusion-title-highlight fusion-loop-off fusion-highlight-circle fusion-title-size-two\" style=\"margin-top:10px;margin-right:0px;margin-bottom:24px;margin-left:0px;\" data-highlight=\"circle\"><h2 class=\"title-heading-center fusion-responsive-typography-calculated\" style=\"margin:0;color:#ffffff;--fontSize:34;line-height:1.47;\"><span class=\"fusion-highlighted-text-prefix\">Rejoignez <\/span> <span class=\"fusion-highlighted-text-wrapper\"><span class=\"fusion-highlighted-text\" style=\"color:#c1dc89;\">de nombreux<\/span><\/span> <span class=\"fusion-highlighted-text-postfix\">utilisateurs sur Stay In Touch With<\/span><\/h2><\/div><div class=\"fusion-separator fusion-full-width-sep\" style=\"align-self: center;margin-left: auto;margin-right: auto;margin-top:-25px;width:100%;\"><\/div><div class=\"fusion-text fusion-text-2\"><p style=\"text-align: center; font-size: 20px; margin-top: 10px;\">Recevez un lien de t\u00e9l\u00e9cha<span style=\"color: #8c8a8a;\">rge<\/span>ment par mail pour votre <span style=\"color: #fffcfc;\">smartphone<\/span> ou <span style=\"color: #fffcfc;\">tablette.<\/span><\/p>\n<p style=\"text-align: center; font-size: 20px; margin-top: -20px;\"><span style=\"color: #8c8a8a;\">Ou rendez-vous sur l\u2019App Store ou le Play Store.<\/span><\/p>\n<\/div><div class=\"fusion-separator fusion-full-width-sep\" style=\"align-self: center;margin-left: auto;margin-right: auto;margin-top:15px;width:100%;\"><\/div><div role=\"form\" class=\"wpcf7\" id=\"wpcf7-f2265-o1\" lang=\"fr-FR\" dir=\"ltr\">\n<div class=\"screen-reader-response\"><p role=\"status\" aria-live=\"polite\" aria-atomic=\"true\"><\/p> <ul><\/ul><\/div>\n<form action=\"\/index.php\/wp-json\/wp\/v2\/pages\/2082#wpcf7-f2265-o1\" method=\"post\" class=\"wpcf7-form init\" novalidate=\"novalidate\" data-status=\"init\">\n<div style=\"display: none;\">\n<input type=\"hidden\" name=\"_wpcf7\" value=\"2265\" \/>\n<input type=\"hidden\" name=\"_wpcf7_version\" value=\"5.5.6\" \/>\n<input type=\"hidden\" name=\"_wpcf7_locale\" value=\"fr_FR\" \/>\n<input type=\"hidden\" name=\"_wpcf7_unit_tag\" value=\"wpcf7-f2265-o1\" \/>\n<input type=\"hidden\" name=\"_wpcf7_container_post\" value=\"0\" \/>\n<input type=\"hidden\" name=\"_wpcf7_posted_data_hash\" value=\"\" \/>\n<\/div>\n<p><label> Votre Adresse Email<br \/>\n    <span class=\"wpcf7-form-control-wrap your-email\"><input type=\"email\" name=\"your-email\" value=\"\" size=\"40\" class=\"wpcf7-form-control wpcf7-text wpcf7-email wpcf7-validates-as-required wpcf7-validates-as-email\" aria-required=\"true\" aria-invalid=\"false\" \/><\/span> <\/label><\/p>\n<p><input type=\"submit\" value=\"Envoyer\" class=\"wpcf7-form-control has-spinner wpcf7-submit\" \/><\/p>\n<p style=\"display: none !important;\"><label>&#916;<textarea name=\"_wpcf7_ak_hp_textarea\" cols=\"45\" rows=\"8\" maxlength=\"100\"><\/textarea><\/label><input type=\"hidden\" id=\"ak_js_1\" name=\"_wpcf7_ak_js\" value=\"227\"\/><script>document.getElementById( \"ak_js_1\" ).setAttribute( \"value\", ( new Date() ).getTime() );<\/script><\/p><div class=\"fusion-alert alert custom alert-custom fusion-alert-center wpcf7-response-output fusion-alert-capitalize alert-dismissable\" style=\"border-width:1px;\"><button type=\"button\" class=\"close toggle-alert\" data-dismiss=\"alert\" aria-label=\"Close\">&times;<\/button><div class=\"fusion-alert-content-wrapper\"><span class=\"fusion-alert-content\"><\/span><\/div><\/div><\/form><\/div><\/div><style type=\"text\/css\">.fusion-body .fusion-builder-column-4{width:100% !important;margin-top : 3%;margin-bottom : 0.3%;}.fusion-builder-column-4 > .fusion-column-wrapper {padding-top : 0px !important;padding-right : 0px !important;margin-right : 0px;padding-bottom : 0px !important;padding-left : 0px !important;margin-left : 0px;}@media only screen and (max-width:1024px) {.fusion-body .fusion-builder-column-4{width:100% !important;}.fusion-builder-column-4 > .fusion-column-wrapper {margin-right : 0px;margin-left : 0px;}}@media only screen and (max-width:640px) {.fusion-body .fusion-builder-column-4{width:100% !important;}.fusion-builder-column-4 > .fusion-column-wrapper {margin-right : 0px;margin-left : 0px;}}<\/style><\/div><\/div><style type=\"text\/css\">.fusion-body .fusion-flex-container.fusion-builder-row-3{ padding-top : 50px;margin-top : 0px;padding-right : 0px;padding-bottom : 45px;margin-bottom : 0px;padding-left : 0px;}@media only screen and (max-width:640px) {.fusion-body .fusion-flex-container.fusion-builder-row-3{ padding-right : 50px;padding-left : 50px;}}<\/style><\/div>\n<\/p>\n","protected":false},"excerpt":{"rendered":"","protected":false},"author":1,"featured_media":0,"parent":0,"menu_order":0,"comment_status":"closed","ping_status":"closed","template":"100-width.php","meta":{"_mo_disable_npp":"","_monsterinsights_skip_tracking":false,"_monsterinsights_sitenote_active":false,"_monsterinsights_sitenote_note":"","_monsterinsights_sitenote_category":0},"yoast_head":"<!-- This site is optimized with the Yoast SEO plugin v18.4.1 - https:\/\/yoast.com\/wordpress\/plugins\/seo\/ -->\n<title>About Us - Stay In Touch With - Le R\u00e9seau Social du Vin<\/title>\n<meta name=\"robots\" content=\"index, follow, max-snippet:-1, max-image-preview:large, max-video-preview:-1\" \/>\n<link rel=\"canonical\" href=\"https:\/\/stayintouch-with.com\/index.php\/about-us\/\" \/>\n<meta property=\"og:locale\" content=\"fr_FR\" \/>\n<meta property=\"og:type\" content=\"article\" \/>\n<meta property=\"og:title\" content=\"About Us - Stay In Touch With - Le R\u00e9seau Social du Vin\" \/>\n<meta property=\"og:url\" content=\"https:\/\/stayintouch-with.com\/index.php\/about-us\/\" \/>\n<meta property=\"og:site_name\" content=\"Stay In Touch With - Le R\u00e9seau Social du Vin\" \/>\n<meta property=\"article:modified_time\" content=\"2022-02-04T16:14:02+00:00\" \/>\n<meta name=\"twitter:card\" content=\"summary_large_image\" \/>\n<meta name=\"twitter:label1\" content=\"Dur\u00e9e de lecture estim\u00e9e\" \/>\n\t<meta name=\"twitter:data1\" content=\"5 minutes\" \/>\n<script type=\"application\/ld+json\" class=\"yoast-schema-graph\">{\"@context\":\"https:\/\/schema.org\",\"@graph\":[{\"@type\":\"WebSite\",\"@id\":\"https:\/\/stayintouch-with.com\/#website\",\"url\":\"https:\/\/stayintouch-with.com\/\",\"name\":\"Stay In Touch With - Le R\u00e9seau Social du Vin\",\"description\":\"Une tribu de wine lovers\",\"potentialAction\":[{\"@type\":\"SearchAction\",\"target\":{\"@type\":\"EntryPoint\",\"urlTemplate\":\"https:\/\/stayintouch-with.com\/?s={search_term_string}\"},\"query-input\":\"required name=search_term_string\"}],\"inLanguage\":\"fr-FR\"},{\"@type\":\"WebPage\",\"@id\":\"https:\/\/stayintouch-with.com\/index.php\/about-us\/#webpage\",\"url\":\"https:\/\/stayintouch-with.com\/index.php\/about-us\/\",\"name\":\"About Us - Stay In Touch With - Le R\u00e9seau Social du Vin\",\"isPartOf\":{\"@id\":\"https:\/\/stayintouch-with.com\/#website\"},\"datePublished\":\"2015-12-02T10:51:51+00:00\",\"dateModified\":\"2022-02-04T16:14:02+00:00\",\"breadcrumb\":{\"@id\":\"https:\/\/stayintouch-with.com\/index.php\/about-us\/#breadcrumb\"},\"inLanguage\":\"fr-FR\",\"potentialAction\":[{\"@type\":\"ReadAction\",\"target\":[\"https:\/\/stayintouch-with.com\/index.php\/about-us\/\"]}]},{\"@type\":\"BreadcrumbList\",\"@id\":\"https:\/\/stayintouch-with.com\/index.php\/about-us\/#breadcrumb\",\"itemListElement\":[{\"@type\":\"ListItem\",\"position\":1,\"name\":\"Accueil\",\"item\":\"https:\/\/stayintouch-with.com\/\"},{\"@type\":\"ListItem\",\"position\":2,\"name\":\"About Us\"}]}]}<\/script>\n<!-- \/ Yoast SEO plugin. -->","yoast_head_json":{"title":"About Us - Stay In Touch With - Le R\u00e9seau Social du Vin","robots":{"index":"index","follow":"follow","max-snippet":"max-snippet:-1","max-image-preview":"max-image-preview:large","max-video-preview":"max-video-preview:-1"},"canonical":"https:\/\/stayintouch-with.com\/index.php\/about-us\/","og_locale":"fr_FR","og_type":"article","og_title":"About Us - Stay In Touch With - Le R\u00e9seau Social du Vin","og_url":"https:\/\/stayintouch-with.com\/index.php\/about-us\/","og_site_name":"Stay In Touch With - Le R\u00e9seau Social du Vin","article_modified_time":"2022-02-04T16:14:02+00:00","twitter_card":"summary_large_image","twitter_misc":{"Dur\u00e9e de lecture estim\u00e9e":"5 minutes"},"schema":{"@context":"https:\/\/schema.org","@graph":[{"@type":"WebSite","@id":"https:\/\/stayintouch-with.com\/#website","url":"https:\/\/stayintouch-with.com\/","name":"Stay In Touch With - Le R\u00e9seau Social du Vin","description":"Une tribu de wine lovers","potentialAction":[{"@type":"SearchAction","target":{"@type":"EntryPoint","urlTemplate":"https:\/\/stayintouch-with.com\/?s={search_term_string}"},"query-input":"required name=search_term_string"}],"inLanguage":"fr-FR"},{"@type":"WebPage","@id":"https:\/\/stayintouch-with.com\/index.php\/about-us\/#webpage","url":"https:\/\/stayintouch-with.com\/index.php\/about-us\/","name":"About Us - Stay In Touch With - Le R\u00e9seau Social du Vin","isPartOf":{"@id":"https:\/\/stayintouch-with.com\/#website"},"datePublished":"2015-12-02T10:51:51+00:00","dateModified":"2022-02-04T16:14:02+00:00","breadcrumb":{"@id":"https:\/\/stayintouch-with.com\/index.php\/about-us\/#breadcrumb"},"inLanguage":"fr-FR","potentialAction":[{"@type":"ReadAction","target":["https:\/\/stayintouch-with.com\/index.php\/about-us\/"]}]},{"@type":"BreadcrumbList","@id":"https:\/\/stayintouch-with.com\/index.php\/about-us\/#breadcrumb","itemListElement":[{"@type":"ListItem","position":1,"name":"Accueil","item":"https:\/\/stayintouch-with.com\/"},{"@type":"ListItem","position":2,"name":"About Us"}]}]}},"_links":{"self":[{"href":"https:\/\/stayintouch-with.com\/index.php\/wp-json\/wp\/v2\/pages\/2082"}],"collection":[{"href":"https:\/\/stayintouch-with.com\/index.php\/wp-json\/wp\/v2\/pages"}],"about":[{"href":"https:\/\/stayintouch-with.com\/index.php\/wp-json\/wp\/v2\/types\/page"}],"author":[{"embeddable":true,"href":"https:\/\/stayintouch-with.com\/index.php\/wp-json\/wp\/v2\/users\/1"}],"replies":[{"embeddable":true,"href":"https:\/\/stayintouch-with.com\/index.php\/wp-json\/wp\/v2\/comments?post=2082"}],"version-history":[{"count":48,"href":"https:\/\/stayintouch-with.com\/index.php\/wp-json\/wp\/v2\/pages\/2082\/revisions"}],"predecessor-version":[{"id":3800,"href":"https:\/\/stayintouch-with.com\/index.php\/wp-json\/wp\/v2\/pages\/2082\/revisions\/3800"}],"wp:attachment":[{"href":"https:\/\/stayintouch-with.com\/index.php\/wp-json\/wp\/v2\/media?parent=2082"}],"curies":[{"name":"wp","href":"https:\/\/api.w.org\/{rel}","templated":true}]}}